{"id":142,"date":"2019-02-11T21:19:05","date_gmt":"2019-02-11T21:19:05","guid":{"rendered":"http:\/\/themis-filderstadt.de\/?page_id=142"},"modified":"2019-02-14T15:35:07","modified_gmt":"2019-02-14T15:35:07","slug":"kontakt","status":"publish","type":"page","link":"http:\/\/themis-filderstadt.de\/?page_id=142","title":{"rendered":""},"content":{"rendered":"\n<div class=\"wp-block-cover has-background-dim is-layout-flow wp-block-cover-is-layout-flow\" style=\"background-image:url(http:\/\/themis-filderstadt.de\/wp-content\/uploads\/2019\/02\/cover-hintergrund.png)\"><p class=\"wp-block-cover-text\">Kontakt<\/p><\/div>\n\n\n\n<h2 class=\"wp-block-heading\"><\/h2>\n\n\n\n<div class=\"wp-block-columns has-2-columns is-layout-flex wp-container-core-columns-is-layout-9d6595d7 wp-block-columns-is-layout-flex\">\n<div class=\"wp-block-column is-layout-flow wp-block-column-is-layout-flow\">\n<p>Jonathan Rinne<br><i>Wissenschaftlicher Mitarbeiter<br>an der Forschungsstelle Demokratische Innovationen<br>Goethe-Universit\u00e4t Frankfurt<\/i><\/p>\n\n\n\n<p>rinne@themis-wahl.de<br><\/p>\n<\/div>\n\n\n\n<div class=\"wp-block-column is-layout-flow wp-block-column-is-layout-flow\">\n<p>Thomas Haigis<br><i>Referent f\u00fcr B\u00fcrgerbeteiligung bei der Stadt Filderstadt<br><\/i><br><br><\/p>\n\n\n\n<p>haigis@themis-filderstadt.de<\/p>\n\n\n\n<p><br><\/p>\n<\/div>\n<\/div>\n\n\n\n<div style=\"height:100px\" aria-hidden=\"true\" class=\"wp-block-spacer\"><\/div>\n","protected":false},"excerpt":{"rendered":"<p>Jonathan RinneWissenschaftlicher Mitarbeiteran der Forschungsstelle Demokratische InnovationenGoethe-Universit\u00e4t Frankfurt rinne@themis-wahl.de Thomas HaigisReferent f\u00fcr B\u00fcrgerbeteiligung bei der Stadt Filderstadt haigis@themis-filderstadt.de<\/p>\n","protected":false},"author":1,"featured_media":0,"parent":0,"menu_order":0,"comment_status":"closed","ping_status":"closed","template":"","meta":{"footnotes":""},"class_list":["post-142","page","type-page","status-publish","hentry"],"_links":{"self":[{"href":"http:\/\/themis-filderstadt.de\/index.php?rest_route=\/wp\/v2\/pages\/142","targetHints":{"allow":["GET"]}}],"collection":[{"href":"http:\/\/themis-filderstadt.de\/index.php?rest_route=\/wp\/v2\/pages"}],"about":[{"href":"http:\/\/themis-filderstadt.de\/index.php?rest_route=\/wp\/v2\/types\/page"}],"author":[{"embeddable":true,"href":"http:\/\/themis-filderstadt.de\/index.php?rest_route=\/wp\/v2\/users\/1"}],"replies":[{"embeddable":true,"href":"http:\/\/themis-filderstadt.de\/index.php?rest_route=%2Fwp%2Fv2%2Fcomments&post=142"}],"version-history":[{"count":12,"href":"http:\/\/themis-filderstadt.de\/index.php?rest_route=\/wp\/v2\/pages\/142\/revisions"}],"predecessor-version":[{"id":314,"href":"http:\/\/themis-filderstadt.de\/index.php?rest_route=\/wp\/v2\/pages\/142\/revisions\/314"}],"wp:attachment":[{"href":"http:\/\/themis-filderstadt.de\/index.php?rest_route=%2Fwp%2Fv2%2Fmedia&parent=142"}],"curies":[{"name":"wp","href":"https:\/\/api.w.org\/{rel}","templated":true}]}}