{"id":16,"date":"2019-02-11T17:21:24","date_gmt":"2019-02-11T17:21:24","guid":{"rendered":"http:\/\/themis-filderstadt.de\/?page_id=16"},"modified":"2019-02-12T15:08:06","modified_gmt":"2019-02-12T15:08:06","slug":"resonanz-viel-groesser-als-erwartet","status":"publish","type":"page","link":"http:\/\/themis-filderstadt.de\/?page_id=16","title":{"rendered":""},"content":{"rendered":"\n<div class=\"wp-block-cover has-background-dim is-layout-flow wp-block-cover-is-layout-flow\" style=\"background-image:url(http:\/\/themis-filderstadt.de\/wp-content\/uploads\/2019\/02\/resonanz.jpg)\"><p class=\"wp-block-cover-text\">RESONANZ VIEL GR\u00d6SSER<br>ALS ERWARTET<\/p><\/div>\n\n\n\n<div style=\"height:20px\" aria-hidden=\"true\" class=\"wp-block-spacer\"><\/div>\n\n\n\n<p class=\"has-drop-cap\">Seit vielen Jahren setzt die Stadt Filderstadt verst\u00e4rkt auf eine \u201dBreite B\u00fcrgerbeteiligung\u201c. Dadurch entsteht eine informelle, kooperativ repr\u00e4sentative Demokratie, die durch einen intensiven Dialog zwischen Politik, B\u00fcrgerschaft und Verwaltung gekennzeichnet ist. Mit dem von der Forschungsstelle f\u00fcr demokratische Innovationen der Universit\u00e4t Frankfurt entwickelten Wahlexperiment Themis ist nun ein weiterer Baustein dazu gekommen. \u201eDurch das Themis-Verfahren soll zum einen die wechselseitige, themenbezogene Kommunikation zwischen Parteien und Bev\u00f6lkerung strukturiert werden. Zum anderen soll das Verfahren anregen, dass die B\u00fcrgerinnen und B\u00fcrger untereinander \u00fcber die Themen diskutieren. Im Experiment hat sich dieses Potenzial von Themis auch in der Praxis gezeigt\u201c, kommentiert Projektleiter Jonathan Rinne das Beteiligungsexperiment.<\/p>\n\n\n\n<blockquote class=\"wp-block-quote is-style-default is-layout-flow wp-block-quote-is-layout-flow\"><p><strong>Stimmen aus der Bev\u00f6lkerung<\/strong><\/p><p>\u201eIch wei\u00df bei der Bundestagswahl immer noch nicht, wen ich w\u00e4hlen soll. Hier konnte ich dann wirklich mein Votum so abgeben, wie ich denke.\u201c<\/p><cite>Ein Teilnehmer<\/cite><\/blockquote>\n\n\n\n<div style=\"height:20px\" aria-hidden=\"true\" class=\"wp-block-spacer\"><\/div>\n\n\n\n<p>Alle Filderst\u00e4dterinnen und Filderst\u00e4dter waren im Jahr 2017 aufgerufen, bei dem Experiment mitzumachen. Zus\u00e4tzlich wurden 10.000 Filderst\u00e4dterinnen und Filderst\u00e4dter per Zufallsauswahl von Oberb\u00fcrgermeister Christoph Traub pers\u00f6nlich angeschrieben mit der Bitte, sich an der Wahl zu beteiligen. Es meldeten sich mehr als erwartet. Fast 1.000 Filderst\u00e4dter beteiligten sich schlie\u00dflich in der Woche vom 3. bis zum 9. Juli 2017 an dem innovativen Wahlverfahren, bei dem einzelne Themen anstatt bestimmte Personen ausgew\u00e4hlt werden konnten. Am Ende konnten 835 g\u00fcltige Themis-Stimmzettel ausgewertet werden \u2013 eine einmalig hohe Zustimmung zum Verfahren selbst. F\u00fcr die wissenschaftliche Auswertung des Experiments w\u00e4ren 300 W\u00e4hlerinnen und W\u00e4hler notwendig gewesen.<\/p>\n\n\n\n<blockquote class=\"wp-block-quote is-style-default is-layout-flow wp-block-quote-is-layout-flow\"><p><strong>Stimmen aus der Bev\u00f6lkerung<\/strong><\/p><p>\u201eIch finde es gut, wie man die Themen w\u00e4hlen kann, dass man Partei und Thema ausw\u00e4hlen kann. Das hatte ich mir nicht so vorstellen k\u00f6nnen.\u201c<\/p><cite>Eine Teilnehmerin<\/cite><\/blockquote>\n\n\n\n<div style=\"height:20px\" aria-hidden=\"true\" class=\"wp-block-spacer\"><\/div>\n\n\n\n<p>Im Vorfeld des Experiments hatte eine Arbeitsgruppe, der Mitglieder aller f\u00fcnf im Filderst\u00e4dter Gemeinderat vertretenen Parteien angeh\u00f6rten, die Vorschl\u00e4ge der Verwaltung aus dem Integrierten Stadtentwicklungskonzept (\u201eISEK\u201c) ausgearbeitet. Es wurden bis zu 15 verschiedene Themen pro Fraktionsliste aufgestellt. Diese wurden von den Fraktionen selbst formuliert, zusammengestellt und in eine Rangfolge auf der Liste gebracht. \u00dcber diese Themen konnten die B\u00fcrger in eigens eingerichteten Wahllokalen an Computern abstimmen und somit dem Gemeinderat und der Verwaltung ein unverbindliches Stimmungsbild \u00fcber ihre Pr\u00e4ferenzen abgeben.<\/p>\n\n\n\n<blockquote class=\"wp-block-quote is-style-default is-layout-flow wp-block-quote-is-layout-flow\"><p><strong>Stimmen aus der Bev\u00f6lkerung<\/strong><\/p><p>\u201eAlso, ich gehe mit sehr positiven Gedanken hier raus. Erstens war ich neugierig, wie das funktioniert. Die Themen waren sehr passend, also da hat mir einiges unter den N\u00e4geln gebrannt.\u201c<\/p><cite>Ein Teilnehmer<\/cite><\/blockquote>\n\n\n\n<div style=\"height:100px\" aria-hidden=\"true\" class=\"wp-block-spacer\"><\/div>\n","protected":false},"excerpt":{"rendered":"<p>Seit vielen Jahren setzt die Stadt Filderstadt verst\u00e4rkt auf eine \u201dBreite B\u00fcrgerbeteiligung\u201c. Dadurch entsteht eine informelle, kooperativ repr\u00e4sentative Demokratie, die durch einen intensiven Dialog zwischen Politik, B\u00fcrgerschaft und Verwaltung gekennzeichnet ist. Mit dem von der Forschungsstelle f\u00fcr demokratische Innovationen der Universit\u00e4t Frankfurt entwickelten Wahlexperiment Themis ist nun ein weiterer Baustein dazu gekommen. \u201eDurch das Themis-Verfahren soll zum einen die wechselseitige,<\/p>\n<p><a class=\"more-link\" href=\"http:\/\/themis-filderstadt.de\/?page_id=16\">Weiterlesen<\/a><\/p>\n","protected":false},"author":1,"featured_media":0,"parent":0,"menu_order":0,"comment_status":"closed","ping_status":"closed","template":"","meta":{"footnotes":""},"class_list":["post-16","page","type-page","status-publish","hentry"],"_links":{"self":[{"href":"http:\/\/themis-filderstadt.de\/index.php?rest_route=\/wp\/v2\/pages\/16","targetHints":{"allow":["GET"]}}],"collection":[{"href":"http:\/\/themis-filderstadt.de\/index.php?rest_route=\/wp\/v2\/pages"}],"about":[{"href":"http:\/\/themis-filderstadt.de\/index.php?rest_route=\/wp\/v2\/types\/page"}],"author":[{"embeddable":true,"href":"http:\/\/themis-filderstadt.de\/index.php?rest_route=\/wp\/v2\/users\/1"}],"replies":[{"embeddable":true,"href":"http:\/\/themis-filderstadt.de\/index.php?rest_route=%2Fwp%2Fv2%2Fcomments&post=16"}],"version-history":[{"count":17,"href":"http:\/\/themis-filderstadt.de\/index.php?rest_route=\/wp\/v2\/pages\/16\/revisions"}],"predecessor-version":[{"id":283,"href":"http:\/\/themis-filderstadt.de\/index.php?rest_route=\/wp\/v2\/pages\/16\/revisions\/283"}],"wp:attachment":[{"href":"http:\/\/themis-filderstadt.de\/index.php?rest_route=%2Fwp%2Fv2%2Fmedia&parent=16"}],"curies":[{"name":"wp","href":"https:\/\/api.w.org\/{rel}","templated":true}]}}